{"id":3850,"date":"2025-09-15T12:20:33","date_gmt":"2025-09-15T10:20:33","guid":{"rendered":"http:\/\/mefi.cz\/?page_id=3850"},"modified":"2026-03-17T22:06:15","modified_gmt":"2026-03-17T21:06:15","slug":"abous-us","status":"publish","type":"page","link":"https:\/\/mefi.cz\/en\/abous-us\/","title":{"rendered":"About the company"},"content":{"rendered":"<div class=\"fusion-fullwidth fullwidth-box fusion-builder-row-1 fusion-flex-container has-pattern-background has-mask-background nonhundred-percent-fullwidth non-hundred-percent-height-scrolling\" style=\"--awb-border-radius-top-left:0px;--awb-border-radius-top-right:0px;--awb-border-radius-bottom-right:0px;--awb-border-radius-bottom-left:0px;--awb-padding-top:0px;--awb-margin-top:0px;--awb-flex-wrap:wrap;\" ><div class=\"fusion-builder-row fusion-row fusion-flex-align-items-center fusion-flex-justify-content-center fusion-flex-content-wrap\" style=\"max-width:1331.2px;margin-left: calc(-4% \/ 2 );margin-right: calc(-4% \/ 2 );\"><div class=\"fusion-layout-column fusion_builder_column fusion-builder-column-0 fusion_builder_column_3_4 3_4 fusion-flex-column\" style=\"--awb-bg-size:cover;--awb-width-large:75%;--awb-margin-top-large:16px;--awb-spacing-right-large:2.56%;--awb-margin-bottom-large:16px;--awb-spacing-left-large:2.56%;--awb-width-medium:75%;--awb-order-medium:0;--awb-spacing-right-medium:2.56%;--awb-spacing-left-medium:2.56%;--awb-width-small:100%;--awb-order-small:0;--awb-spacing-right-small:1.92%;--awb-spacing-left-small:1.92%;\"><div class=\"fusion-column-wrapper fusion-column-has-shadow fusion-flex-justify-content-flex-start fusion-content-layout-column\"><div class=\"fusion-text fusion-text-1\"><p><strong>The company MEFI, s.r.o.<\/strong> was founded in August 1992 by workers of CNC systems development in former state enterprises<strong> ZPA K\u0158I\u017d\u00cdK and V\u00daAP Praha<\/strong>. It deals with the development, production and application of control systems for machine tools, cutting and special machines and additional accessories.<\/p>\n<p><strong>CNC872<\/strong> series control systems are designed for machine tools (milling machines, lathes, carousels and others), cutting machines equipped with DC, AC, pulse or digital drives. The systems are used on milling machines, lathes and boring machines. A&nbsp;special range of systems is used to control precision firing machines. In several applications, the systems have been applied to various types of grinding machines and other special machines at the request of customers. A&nbsp;list of machine types equipped with MEFI control systems is available on our website.<\/p>\n<p><strong>MEFI<\/strong> cooperates with a&nbsp;number of companies that upgrade machine tools with our controllers.<\/p>\n<\/div><\/div><\/div><\/div><\/div>\n","protected":false},"excerpt":{"rendered":"","protected":false},"author":1,"featured_media":0,"parent":0,"menu_order":0,"comment_status":"closed","ping_status":"closed","template":"","meta":{"_acf_changed":false,"footnotes":""},"class_list":["post-3850","page","type-page","status-publish","hentry"],"acf":[],"_links":{"self":[{"href":"https:\/\/mefi.cz\/en\/wp-json\/wp\/v2\/pages\/3850","targetHints":{"allow":["GET"]}}],"collection":[{"href":"https:\/\/mefi.cz\/en\/wp-json\/wp\/v2\/pages"}],"about":[{"href":"https:\/\/mefi.cz\/en\/wp-json\/wp\/v2\/types\/page"}],"author":[{"embeddable":true,"href":"https:\/\/mefi.cz\/en\/wp-json\/wp\/v2\/users\/1"}],"replies":[{"embeddable":true,"href":"https:\/\/mefi.cz\/en\/wp-json\/wp\/v2\/comments?post=3850"}],"version-history":[{"count":5,"href":"https:\/\/mefi.cz\/en\/wp-json\/wp\/v2\/pages\/3850\/revisions"}],"predecessor-version":[{"id":4052,"href":"https:\/\/mefi.cz\/en\/wp-json\/wp\/v2\/pages\/3850\/revisions\/4052"}],"wp:attachment":[{"href":"https:\/\/mefi.cz\/en\/wp-json\/wp\/v2\/media?parent=3850"}],"curies":[{"name":"wp","href":"https:\/\/api.w.org\/{rel}","templated":true}]}}